{"id":1085,"date":"2024-10-18T16:02:15","date_gmt":"2024-10-18T19:02:15","guid":{"rendered":"https:\/\/sistemasplanejar.com.br\/app\/?page_id=1085"},"modified":"2025-07-10T13:39:01","modified_gmt":"2025-07-10T16:39:01","slug":"atestados-minas-gerais","status":"publish","type":"page","link":"https:\/\/sistemasplanejar.com.br\/app\/index.php\/atestados-minas-gerais\/","title":{"rendered":"Atestados Minas Gerais"},"content":{"rendered":"\t\t<div data-elementor-type=\"wp-page\" data-elementor-id=\"1085\" class=\"elementor elementor-1085\">\n\t\t\t\t\t\t<section class=\"elementor-section elementor-top-section elementor-element elementor-element-4150c84 elementor-section-boxed elementor-section-height-default elementor-section-height-default\" data-id=\"4150c84\" data-element_type=\"section\">\n\t\t\t\t\t\t<div class=\"elementor-container elementor-column-gap-default\">\n\t\t\t\t\t<div class=\"elementor-column elementor-col-100 elementor-top-column elementor-element elementor-element-a564ee9\" data-id=\"a564ee9\" data-element_type=\"column\">\n\t\t\t<div class=\"elementor-widget-wrap elementor-element-populated\">\n\t\t\t\t\t\t<div class=\"elementor-element elementor-element-9ff92e6 elementor-widget elementor-widget-shortcode\" data-id=\"9ff92e6\" data-element_type=\"widget\" data-widget_type=\"shortcode.default\">\n\t\t\t\t<div class=\"elementor-widget-container\">\n\t\t\t\t\t\t\t<div class=\"elementor-shortcode\">\n<div class=\"wpcf7 no-js\" id=\"wpcf7-f918-o1\" lang=\"pt-BR\" dir=\"ltr\" data-wpcf7-id=\"918\">\n<div class=\"screen-reader-response\"><p role=\"status\" aria-live=\"polite\" aria-atomic=\"true\"><\/p> <ul><\/ul><\/div>\n<form action=\"\/app\/index.php\/wp-json\/wp\/v2\/pages\/1085#wpcf7-f918-o1\" method=\"post\" class=\"wpcf7-form init\" aria-label=\"Formul\u00e1rios de contato\" enctype=\"multipart\/form-data\" novalidate=\"novalidate\" data-status=\"init\">\n<fieldset class=\"hidden-fields-container\"><input type=\"hidden\" name=\"_wpcf7\" value=\"918\" \/><input type=\"hidden\" name=\"_wpcf7_version\" value=\"6.1.1\" \/><input type=\"hidden\" name=\"_wpcf7_locale\" value=\"pt_BR\" \/><input type=\"hidden\" name=\"_wpcf7_unit_tag\" value=\"wpcf7-f918-o1\" \/><input type=\"hidden\" name=\"_wpcf7_container_post\" value=\"0\" \/><input type=\"hidden\" name=\"_wpcf7_posted_data_hash\" value=\"\" \/><input type=\"hidden\" name=\"_wpcf7cf_hidden_group_fields\" value=\"[]\" \/><input type=\"hidden\" name=\"_wpcf7cf_hidden_groups\" value=\"[]\" \/><input type=\"hidden\" name=\"_wpcf7cf_visible_groups\" value=\"[]\" \/><input type=\"hidden\" name=\"_wpcf7cf_repeaters\" value=\"[]\" \/><input type=\"hidden\" name=\"_wpcf7cf_steps\" value=\"{}\" \/><input type=\"hidden\" name=\"_wpcf7cf_options\" value=\"{&quot;form_id&quot;:918,&quot;conditions&quot;:[],&quot;settings&quot;:{&quot;animation&quot;:&quot;yes&quot;,&quot;animation_intime&quot;:200,&quot;animation_outtime&quot;:200,&quot;conditions_ui&quot;:&quot;normal&quot;,&quot;notice_dismissed&quot;:false,&quot;notice_dismissed_update-cf7-5.9.8&quot;:true}}\" \/>\n<\/fieldset>\n<p><label> Seu e-mail: <span class=\"wpcf7-form-control-wrap\" data-name=\"email-1\"><input size=\"40\" maxlength=\"400\" class=\"wpcf7-form-control wpcf7-email wpcf7-text wpcf7-validates-as-email\" aria-invalid=\"false\" value=\"\" type=\"email\" name=\"email-1\" \/><\/span> <\/label>\n<\/p>\n<p><label> Matr\u00edcula (chapa)<br \/>\n<span class=\"wpcf7-form-control-wrap\" data-name=\"number-269\"><input class=\"wpcf7-form-control wpcf7-number wpcf7-validates-as-required wpcf7-validates-as-number\" min=\"1\" max=\"27000\" aria-required=\"true\" aria-invalid=\"false\" value=\"\" type=\"number\" name=\"number-269\" \/><\/span> <\/label>\n<\/p>\n<p><label> Nome Completo <span class=\"wpcf7-form-control-wrap\" data-name=\"your-name\"><input size=\"40\" maxlength=\"400\" class=\"wpcf7-form-control wpcf7-text wpcf7-validates-as-required\" aria-required=\"true\" aria-invalid=\"false\" value=\"\" type=\"text\" name=\"your-name\" \/><\/span> <\/label>\n<\/p>\n<p><label> Selecione Seu Setor <span class=\"wpcf7-form-control-wrap\" data-name=\"text-4233\"><input size=\"40\" maxlength=\"400\" class=\"wpcf7-form-control wpcf7-text\" aria-invalid=\"false\" value=\"\" type=\"text\" name=\"text-4233\" \/><\/span><br \/>\n<\/label><label><br \/>\n<\/label><label> Telefone\/WhatsApp <span class=\"wpcf7-form-control-wrap\" data-name=\"tel-25\"><input size=\"40\" maxlength=\"400\" class=\"wpcf7-form-control wpcf7-tel wpcf7-text wpcf7-validates-as-tel\" aria-invalid=\"false\" value=\"\" type=\"tel\" name=\"tel-25\" \/><\/span> <\/label><label><br \/>\n<\/label><label> Tire uma foto n\u00edtida do documento:<br \/>\n<span class=\"wpcf7-form-control-wrap\" data-name=\"file-1\"><input size=\"40\" class=\"wpcf7-form-control wpcf7-file\" accept=\".pdf,.jpg,.jpeg,.png\" aria-invalid=\"false\" type=\"file\" name=\"file-1\" \/><\/span> <\/label>\n<\/p>\n<p><label> Sua assinatura<br \/>\n<div class=\"ocswcf_signature\">\n\t \t\t\t\t<canvas id=\"oc_signature-pad_signature-691\" name=\"signature-691\" class=\"oc_signature-pad\" color=\"#1e73be\" backcolor=\"#dddddd\" width=\"300\" height=\"200\"><\/canvas>\n\t \t\t\t\t<input class=\"clearButton\" type=\"button\" value=\"clear\">\n\t\t\t\t\t<span class=\"wpcf7-form-control-wrap signature-691\">\n\t\t\t\t\t\t<input class=\"wpcf7-form-control wpcf7-signaturewpcf7-validates-as-signatureocswcf-signature\" value=\"\" type=\"hidden\" name=\"signature-691\"\/>\n\t\t\t\t\t\t<input type=\"hidden\" name=\"signature-691-attachment\" class=\"wpcf7_input_signature-691_attachment\"\/>\n\t\t\t\t\t\t<input type=\"hidden\" name=\"signature-691-inline\" class=\"wpcf7_input_signature-691_inline\"\/>\n\t\t\t\t\t<\/span>\n\t\t\t\t<\/div><br \/>\n<\/label>\n<\/p>\n<p><label><span class=\"wpcf7-form-control-wrap\" data-name=\"acceptance-1\"><span class=\"wpcf7-form-control wpcf7-acceptance\"><span class=\"wpcf7-list-item\"><input type=\"checkbox\" name=\"acceptance-1\" value=\"1\" aria-invalid=\"false\" \/><\/span><\/span><\/span>Estou ciente que sou colaborador(a) ativo da empresa e meu acesso \u00e9 monitorado por aqui. Estou ciente tamb\u00e9m que os atestados m\u00e9dicos devem ser enviados \u00e0 empresa no prazo m\u00e1ximo de 48 horas ap\u00f3s a sua emiss\u00e3o.<\/label>\n<\/p>\n<p><input class=\"wpcf7-form-control wpcf7-submit has-spinner\" type=\"submit\" value=\"Enviar\" \/>\n<\/p><p style=\"display: none !important;\" class=\"akismet-fields-container\" data-prefix=\"_wpcf7_ak_\"><label>&#916;<textarea name=\"_wpcf7_ak_hp_textarea\" cols=\"45\" rows=\"8\" maxlength=\"100\"><\/textarea><\/label><input type=\"hidden\" id=\"ak_js_1\" name=\"_wpcf7_ak_js\" value=\"99\"\/><script>document.getElementById( \"ak_js_1\" ).setAttribute( \"value\", ( new Date() ).getTime() );<\/script><\/p><div class=\"wpcf7-response-output\" aria-hidden=\"true\"><\/div>\n<\/form>\n<\/div>\n<\/div>\n\t\t\t\t\t\t<\/div>\n\t\t\t\t<\/div>\n\t\t\t\t\t<\/div>\n\t\t<\/div>\n\t\t\t\t\t<\/div>\n\t\t<\/section>\n\t\t\t\t<\/div>\n\t\t","protected":false},"excerpt":{"rendered":"","protected":false},"author":1,"featured_media":0,"parent":0,"menu_order":0,"comment_status":"closed","ping_status":"closed","template":"elementor_canvas","meta":{"footnotes":""},"class_list":["post-1085","page","type-page","status-publish","hentry","wpbf-post"],"_links":{"self":[{"href":"https:\/\/sistemasplanejar.com.br\/app\/index.php\/wp-json\/wp\/v2\/pages\/1085","targetHints":{"allow":["GET"]}}],"collection":[{"href":"https:\/\/sistemasplanejar.com.br\/app\/index.php\/wp-json\/wp\/v2\/pages"}],"about":[{"href":"https:\/\/sistemasplanejar.com.br\/app\/index.php\/wp-json\/wp\/v2\/types\/page"}],"author":[{"embeddable":true,"href":"https:\/\/sistemasplanejar.com.br\/app\/index.php\/wp-json\/wp\/v2\/users\/1"}],"replies":[{"embeddable":true,"href":"https:\/\/sistemasplanejar.com.br\/app\/index.php\/wp-json\/wp\/v2\/comments?post=1085"}],"version-history":[{"count":7,"href":"https:\/\/sistemasplanejar.com.br\/app\/index.php\/wp-json\/wp\/v2\/pages\/1085\/revisions"}],"predecessor-version":[{"id":1155,"href":"https:\/\/sistemasplanejar.com.br\/app\/index.php\/wp-json\/wp\/v2\/pages\/1085\/revisions\/1155"}],"wp:attachment":[{"href":"https:\/\/sistemasplanejar.com.br\/app\/index.php\/wp-json\/wp\/v2\/media?parent=1085"}],"curies":[{"name":"wp","href":"https:\/\/api.w.org\/{rel}","templated":true}]}}